{"id":14240,"date":"2025-05-01T12:05:11","date_gmt":"2025-05-01T12:05:11","guid":{"rendered":"https:\/\/m-a-i.cloudserver.ccsolutions.one\/imprimir\/"},"modified":"2025-06-11T17:37:35","modified_gmt":"2025-06-11T17:37:35","slug":"imprimir","status":"publish","type":"page","link":"https:\/\/www.m-a-i.de\/es\/imprimir\/","title":{"rendered":"imprimir"},"content":{"rendered":"<p><div class=\"fusion-fullwidth fullwidth-box fusion-builder-row-1 fusion-flex-container has-pattern-background has-mask-background nonhundred-percent-fullwidth non-hundred-percent-height-scrolling\" style=\"--awb-border-radius-top-left:0px;--awb-border-radius-top-right:0px;--awb-border-radius-bottom-right:0px;--awb-border-radius-bottom-left:0px;--awb-background-color:var(--awb-color8);--awb-flex-wrap:wrap;\" ><div class=\"awb-background-mask\" style=\"background-image:  url(data:image\/svg+xml;utf8,%3Csvg%20width%3D%221920%22%20height%3D%22954%22%20fill%3D%22none%22%20xmlns%3D%22http%3A%2F%2Fwww.w3.org%2F2000%2Fsvg%22%3E%3Cg%20clip-path%3D%22url%28%23prefix__clip0_58_745%29%22%20fill%3D%22rgba%280%2C134%2C169%2C1%29%22%3E%3Cpath%20d%3D%22M250.018-408.977c69.019-18.494%20142.66%201.238%20193.185%2051.763L718.31-82.107c50.525%2050.525%2070.258%20124.167%2051.764%20193.185L669.378%20486.881c-18.493%2069.019-72.403%20122.928-141.421%20141.422L152.154%20728.999c-69.019%2018.493-142.66-1.239-193.186-51.764l-275.106-275.107c-50.525-50.525-70.258-124.167-51.764-193.185l100.696-375.803c18.493-69.018%2072.403-122.928%20141.421-141.421l375.803-100.696zM1646.73%201264.15c33.13%208.88%2068.48-.59%2092.73-24.84l147.89-147.89a96.031%2096.031%200%200024.85-92.732l-54.13-202.022a96.012%2096.012%200%2000-67.89-67.882l-202.02-54.132c-33.13-8.877-68.47.595-92.73%2024.847l-147.89%20147.89a95.994%2095.994%200%2000-24.84%2092.729l54.13%20202.022a95.967%2095.967%200%200067.88%2067.88l202.02%2054.13zM1572.48%20252.659a23.996%2023.996%200%200023.18%206.211l50.5-13.533a23.97%2023.97%200%200016.97-16.97l13.54-50.506a24.004%2024.004%200%2000-6.21-23.182l-36.98-36.973a23.993%2023.993%200%2000-23.18-6.211l-50.5%2013.533a24%2024%200%2000-16.98%2016.97l-13.53%2050.506a24.004%2024.004%200%20006.21%2023.182l36.98%2036.973z%22%2F%3E%3C%2Fg%3E%3Cdefs%3E%3CclipPath%20id%3D%22prefix__clip0_58_745%22%3E%3Cpath%20fill%3D%22%23fff%22%20d%3D%22M0%200h1920v954H0z%22%2F%3E%3C%2FclipPath%3E%3C%2Fdefs%3E%3C%2Fsvg%3E);opacity: 0.25 ;mix-blend-mode:normal;\"><\/div><div class=\"fusion-builder-row fusion-row fusion-flex-align-items-flex-start fusion-flex-justify-content-center fusion-flex-content-wrap\" style=\"max-width:1664px;margin-left: calc(-4% \/ 2 );margin-right: calc(-4% \/ 2 );\"><div class=\"fusion-layout-column fusion_builder_column fusion-builder-column-0 fusion_builder_column_1_1 1_1 fusion-flex-column\" style=\"--awb-padding-top:100px;--awb-padding-bottom:120px;--awb-bg-size:cover;--awb-width-large:100%;--awb-margin-top-large:16px;--awb-spacing-right-large:1.92%;--awb-margin-bottom-large:0px;--awb-spacing-left-large:1.92%;--awb-width-medium:100%;--awb-order-medium:0;--awb-spacing-right-medium:1.92%;--awb-spacing-left-medium:1.92%;--awb-width-small:100%;--awb-order-small:0;--awb-spacing-right-small:1.92%;--awb-spacing-left-small:1.92%;\"><div class=\"fusion-column-wrapper fusion-column-has-shadow fusion-flex-justify-content-flex-start fusion-content-layout-column\"><div class=\"fusion-title title fusion-title-1 fusion-sep-none fusion-title-center fusion-title-text fusion-title-size-one\" style=\"--awb-text-color:var(--awb-color1);--awb-margin-top:0px;--awb-margin-top-small:10px;--awb-margin-right-small:0px;--awb-margin-bottom-small:10px;--awb-margin-left-small:0px;\"><h1 class=\"fusion-title-heading title-heading-center fusion-responsive-typography-calculated\" style=\"margin:0;--fontSize:72;line-height:var(--awb-typography1-line-height);\">imprimir<\/h1><\/div><\/div><\/div><\/div><\/div><div class=\"fusion-fullwidth fullwidth-box fusion-builder-row-2 fusion-flex-container has-pattern-background has-mask-background nonhundred-percent-fullwidth non-hundred-percent-height-scrolling\" style=\"--awb-border-radius-top-left:0px;--awb-border-radius-top-right:0px;--awb-border-radius-bottom-right:0px;--awb-border-radius-bottom-left:0px;--awb-flex-wrap:wrap;\" ><div class=\"fusion-builder-row fusion-row fusion-flex-align-items-flex-start fusion-flex-content-wrap\" style=\"max-width:1664px;margin-left: calc(-4% \/ 2 );margin-right: calc(-4% \/ 2 );\"><div class=\"fusion-layout-column fusion_builder_column fusion-builder-column-1 fusion_builder_column_1_1 1_1 fusion-flex-column\" style=\"--awb-bg-size:cover;--awb-width-large:100%;--awb-margin-top-large:16px;--awb-spacing-right-large:1.92%;--awb-margin-bottom-large:16px;--awb-spacing-left-large:1.92%;--awb-width-medium:100%;--awb-order-medium:0;--awb-spacing-right-medium:1.92%;--awb-spacing-left-medium:1.92%;--awb-width-small:100%;--awb-order-small:0;--awb-spacing-right-small:1.92%;--awb-spacing-left-small:1.92%;\"><div class=\"fusion-column-wrapper fusion-column-has-shadow fusion-flex-justify-content-flex-start fusion-content-layout-column\"><div class=\"fusion-text fusion-text-1\"><h4 class=\"fusion-responsive-typography-calculated\" data-fontsize=\"28\" data-lineheight=\"36.96px\" style=\"--fontSize: 28; line-height: 1.32;\">Informaci\u00f3n seg\u00fan \u00a7 5 <span class=\"jcetooltip jcepopup\">TMG<\/span><\/h4>\n<p><b>M.A.i GmbH &amp; Co. KG<\/b><br \/>innovative Automations- und Montagetechnik<br \/>Hummendorfer Stra\u00dfe 74<br \/>96317 Kronach \/ Neuses<\/p>\n<p>Telefon: +49 9261 91000 0<br \/>Telefax: +49 9261 91000 450<\/p>\n<p>E-Mail: <span id=\"cloak5e9c1635fc578a476c4cc686cdf806d8\"><a href=\"mailto:kontakt@m-a-i.de\">kontakt@m-a-i.de<\/a><\/span><br \/>www.m-a-i.de<\/p>\n<p>M.A.i GmbH &amp; Co. KG est\u00e1 representada por el socio responsable:<br \/>M.A.i Verwaltungs-GmbH, Tribunal de Distrito de Coburgo, HRB 3065;<br \/>representada por:<br \/>Director general Stefan Woldrich, Director general Mario Michel<span class=\"jcetooltip jcepopup\"><br \/><\/span><\/p>\n<h4 class=\"fusion-responsive-typography-calculated\" data-fontsize=\"28\" data-lineheight=\"36.96px\" style=\"--fontSize: 28; line-height: 1.32;\">Entrada de registro<\/h4>\n<p>Inscripci\u00f3n en el Registro Mercantil.<br \/>Juzgado de Registro: Tribunal de Distrito de Coburgo<br \/>N\u00famero de registro: HRA 3740<\/p>\n<h4 data-fontsize=\"28\" data-lineheight=\"36.96px\" class=\"fusion-responsive-typography-calculated\" style=\"--fontSize: 28; line-height: 1.32;\">ID de IVA<\/h4>\n<p>N\u00famero de identificaci\u00f3n del IVA: DE 205 423 279<\/p>\n<h4 data-fontsize=\"28\" data-lineheight=\"36.96px\" class=\"fusion-responsive-typography-calculated\" style=\"--fontSize: 28; line-height: 1.32;\"><u>Descargo de responsabilidad<\/u><\/h4>\n<div>\n<h4 class=\"fusion-responsive-typography-calculated\" data-fontsize=\"28\" data-lineheight=\"36.96px\" style=\"--fontSize: 28; line-height: 1.32;\">Responsabilidad por el contenido<\/h4>\n<p>El contenido de nuestras p\u00e1ginas se ha creado con el mayor cuidado. Sin embargo, no podemos asumir ninguna responsabilidad por la exactitud, integridad y actualidad del contenido. Como proveedor de servicios, somos responsables de nuestro propio contenido en estas p\u00e1ginas de acuerdo con el \u00a7 7 p\u00e1rrafo 1 de la TMG (Ley alemana de Telemedia) y las leyes generales. Sin embargo, seg\u00fan los \u00a7\u00a7 8 a 10 de la TMG, como proveedor de servicios no estamos obligados a controlar la informaci\u00f3n de terceros transmitida o almacenada, ni a investigar circunstancias que indiquen una actividad ilegal. Esto no afecta a las obligaciones de eliminar o bloquear el uso de informaci\u00f3n de acuerdo con la legislaci\u00f3n general. Sin embargo, la responsabilidad a este respecto s\u00f3lo es posible a partir del momento en que se tiene conocimiento de una infracci\u00f3n concreta. Tan pronto como tengamos conocimiento de tales infracciones, eliminaremos este contenido inmediatamente.       <\/p>\n<\/div>\n<div>\n<h4 data-fontsize=\"28\" data-lineheight=\"36.96px\" class=\"fusion-responsive-typography-calculated\" style=\"--fontSize: 28; line-height: 1.32;\">Responsabilidad de los enlaces<\/h4>\n<p>Nuestro sitio web contiene enlaces a sitios web externos de terceros sobre cuyo contenido no tenemos ninguna influencia. Por lo tanto, no podemos aceptar ninguna responsabilidad por este contenido de terceros. El respectivo proveedor u operador de las p\u00e1ginas es siempre responsable del contenido de las p\u00e1ginas enlazadas. Las p\u00e1ginas enlazadas se comprobaron en el momento de enlazarlas para detectar posibles infracciones legales. No se reconocieron contenidos ilegales en el momento de establecer el enlace. Sin embargo, la supervisi\u00f3n permanente del contenido de las p\u00e1ginas enlazadas no es razonable sin pruebas concretas de una infracci\u00f3n. Si tenemos conocimiento de alguna infracci\u00f3n legal, eliminaremos dichos enlaces inmediatamente.      <\/p>\n<\/div>\n<div>\n<h4 data-fontsize=\"28\" data-lineheight=\"36.96px\" class=\"fusion-responsive-typography-calculated\" style=\"--fontSize: 28; line-height: 1.32;\">Derechos de autor<\/h4>\n<p>El contenido y las obras creadas por los operadores del sitio en estas p\u00e1ginas est\u00e1n sujetos a la legislaci\u00f3n alemana sobre derechos de autor. La duplicaci\u00f3n, procesamiento, distribuci\u00f3n y cualquier tipo de utilizaci\u00f3n fuera de los l\u00edmites de la ley de derechos de autor requieren el consentimiento por escrito del autor o creador respectivo. Las descargas y copias de este sitio s\u00f3lo est\u00e1n permitidas para uso privado y no comercial. En la medida en que el contenido de este sitio no haya sido creado por el operador, se respetan los derechos de autor de terceros. En particular, el contenido de terceros est\u00e1 etiquetado como tal. No obstante, si tuvieras conocimiento de una infracci\u00f3n de los derechos de autor, te rogamos que nos lo comuniques. Si tenemos conocimiento de alguna infracci\u00f3n, eliminaremos dicho contenido inmediatamente.      <\/p>\n<\/div>\n<\/div><\/div><\/div><\/div><\/div><\/p>\n","protected":false},"excerpt":{"rendered":"","protected":false},"author":2,"featured_media":0,"parent":0,"menu_order":0,"comment_status":"closed","ping_status":"closed","template":"","meta":{"footnotes":""},"class_list":["post-14240","page","type-page","status-publish","hentry"],"yoast_head":"<!-- This site is optimized with the Yoast SEO Premium plugin v27.4 (Yoast SEO v27.4) - https:\/\/yoast.com\/product\/yoast-seo-premium-wordpress\/ -->\n<title>imprimir - M.A.i \u2013 innovative automation<\/title>\n<meta name=\"robots\" content=\"index, follow, max-snippet:-1, max-image-preview:large, max-video-preview:-1\" \/>\n<link rel=\"canonical\" href=\"https:\/\/www.m-a-i.de\/es\/imprimir\/\" \/>\n<meta property=\"og:locale\" content=\"en_US\" \/>\n<meta property=\"og:type\" content=\"article\" \/>\n<meta property=\"og:title\" content=\"imprimir\" \/>\n<meta property=\"og:url\" content=\"https:\/\/www.m-a-i.de\/es\/imprimir\/\" \/>\n<meta property=\"og:site_name\" content=\"M.A.i \u2013 innovative automation\" \/>\n<meta property=\"article:publisher\" content=\"https:\/\/www.facebook.com\/M.A.i.Kronach\" \/>\n<meta property=\"article:modified_time\" content=\"2025-06-11T17:37:35+00:00\" \/>\n<meta name=\"twitter:card\" content=\"summary_large_image\" \/>\n<meta name=\"twitter:label1\" content=\"Est. reading time\" \/>\n\t<meta name=\"twitter:data1\" content=\"8 minutes\" \/>\n<script type=\"application\/ld+json\" class=\"yoast-schema-graph\">{\"@context\":\"https:\\\/\\\/schema.org\",\"@graph\":[{\"@type\":\"WebPage\",\"@id\":\"https:\\\/\\\/www.m-a-i.de\\\/es\\\/imprimir\\\/\",\"url\":\"https:\\\/\\\/www.m-a-i.de\\\/es\\\/imprimir\\\/\",\"name\":\"imprimir - M.A.i \u2013 innovative automation\",\"isPartOf\":{\"@id\":\"https:\\\/\\\/www.m-a-i.de\\\/es\\\/#website\"},\"datePublished\":\"2025-05-01T12:05:11+00:00\",\"dateModified\":\"2025-06-11T17:37:35+00:00\",\"breadcrumb\":{\"@id\":\"https:\\\/\\\/www.m-a-i.de\\\/es\\\/imprimir\\\/#breadcrumb\"},\"inLanguage\":\"es\",\"potentialAction\":[{\"@type\":\"ReadAction\",\"target\":[\"https:\\\/\\\/www.m-a-i.de\\\/es\\\/imprimir\\\/\"]}]},{\"@type\":\"BreadcrumbList\",\"@id\":\"https:\\\/\\\/www.m-a-i.de\\\/es\\\/imprimir\\\/#breadcrumb\",\"itemListElement\":[{\"@type\":\"ListItem\",\"position\":1,\"name\":\"Startseite\",\"item\":\"https:\\\/\\\/www.m-a-i.de\\\/es\\\/\"},{\"@type\":\"ListItem\",\"position\":2,\"name\":\"imprimir\"}]},{\"@type\":\"WebSite\",\"@id\":\"https:\\\/\\\/www.m-a-i.de\\\/es\\\/#website\",\"url\":\"https:\\\/\\\/www.m-a-i.de\\\/es\\\/\",\"name\":\"M.A.i \u2013 innovative automation\",\"description\":\"\",\"publisher\":{\"@id\":\"https:\\\/\\\/www.m-a-i.de\\\/es\\\/#organization\"},\"potentialAction\":[{\"@type\":\"SearchAction\",\"target\":{\"@type\":\"EntryPoint\",\"urlTemplate\":\"https:\\\/\\\/www.m-a-i.de\\\/es\\\/?s={search_term_string}\"},\"query-input\":{\"@type\":\"PropertyValueSpecification\",\"valueRequired\":true,\"valueName\":\"search_term_string\"}}],\"inLanguage\":\"es\"},{\"@type\":\"Organization\",\"@id\":\"https:\\\/\\\/www.m-a-i.de\\\/es\\\/#organization\",\"name\":\"M.A.i \u2013 innovative automation\",\"url\":\"https:\\\/\\\/www.m-a-i.de\\\/es\\\/\",\"logo\":{\"@type\":\"ImageObject\",\"inLanguage\":\"es\",\"@id\":\"https:\\\/\\\/www.m-a-i.de\\\/es\\\/#\\\/schema\\\/logo\\\/image\\\/\",\"url\":\"https:\\\/\\\/www.m-a-i.de\\\/wp-content\\\/uploads\\\/2024\\\/12\\\/MAi_Logo_RGB_2025.png\",\"contentUrl\":\"https:\\\/\\\/www.m-a-i.de\\\/wp-content\\\/uploads\\\/2024\\\/12\\\/MAi_Logo_RGB_2025.png\",\"width\":484,\"height\":225,\"caption\":\"M.A.i \u2013 innovative automation\"},\"image\":{\"@id\":\"https:\\\/\\\/www.m-a-i.de\\\/es\\\/#\\\/schema\\\/logo\\\/image\\\/\"},\"sameAs\":[\"https:\\\/\\\/www.facebook.com\\\/M.A.i.Kronach\",\"https:\\\/\\\/www.instagram.com\\\/mai_kronach\",\"https:\\\/\\\/www.youtube.com\\\/@MaiDeKronach\",\"https:\\\/\\\/www.linkedin.com\\\/company\\\/m.a.igmbh&co.kg\"]}]}<\/script>\n<!-- \/ Yoast SEO Premium plugin. -->","yoast_head_json":{"title":"imprimir - M.A.i \u2013 innovative automation","robots":{"index":"index","follow":"follow","max-snippet":"max-snippet:-1","max-image-preview":"max-image-preview:large","max-video-preview":"max-video-preview:-1"},"canonical":"https:\/\/www.m-a-i.de\/es\/imprimir\/","og_locale":"en_US","og_type":"article","og_title":"imprimir","og_url":"https:\/\/www.m-a-i.de\/es\/imprimir\/","og_site_name":"M.A.i \u2013 innovative automation","article_publisher":"https:\/\/www.facebook.com\/M.A.i.Kronach","article_modified_time":"2025-06-11T17:37:35+00:00","twitter_card":"summary_large_image","twitter_misc":{"Est. reading time":"8 minutes"},"schema":{"@context":"https:\/\/schema.org","@graph":[{"@type":"WebPage","@id":"https:\/\/www.m-a-i.de\/es\/imprimir\/","url":"https:\/\/www.m-a-i.de\/es\/imprimir\/","name":"imprimir - M.A.i \u2013 innovative automation","isPartOf":{"@id":"https:\/\/www.m-a-i.de\/es\/#website"},"datePublished":"2025-05-01T12:05:11+00:00","dateModified":"2025-06-11T17:37:35+00:00","breadcrumb":{"@id":"https:\/\/www.m-a-i.de\/es\/imprimir\/#breadcrumb"},"inLanguage":"es","potentialAction":[{"@type":"ReadAction","target":["https:\/\/www.m-a-i.de\/es\/imprimir\/"]}]},{"@type":"BreadcrumbList","@id":"https:\/\/www.m-a-i.de\/es\/imprimir\/#breadcrumb","itemListElement":[{"@type":"ListItem","position":1,"name":"Startseite","item":"https:\/\/www.m-a-i.de\/es\/"},{"@type":"ListItem","position":2,"name":"imprimir"}]},{"@type":"WebSite","@id":"https:\/\/www.m-a-i.de\/es\/#website","url":"https:\/\/www.m-a-i.de\/es\/","name":"M.A.i \u2013 innovative automation","description":"","publisher":{"@id":"https:\/\/www.m-a-i.de\/es\/#organization"},"potentialAction":[{"@type":"SearchAction","target":{"@type":"EntryPoint","urlTemplate":"https:\/\/www.m-a-i.de\/es\/?s={search_term_string}"},"query-input":{"@type":"PropertyValueSpecification","valueRequired":true,"valueName":"search_term_string"}}],"inLanguage":"es"},{"@type":"Organization","@id":"https:\/\/www.m-a-i.de\/es\/#organization","name":"M.A.i \u2013 innovative automation","url":"https:\/\/www.m-a-i.de\/es\/","logo":{"@type":"ImageObject","inLanguage":"es","@id":"https:\/\/www.m-a-i.de\/es\/#\/schema\/logo\/image\/","url":"https:\/\/www.m-a-i.de\/wp-content\/uploads\/2024\/12\/MAi_Logo_RGB_2025.png","contentUrl":"https:\/\/www.m-a-i.de\/wp-content\/uploads\/2024\/12\/MAi_Logo_RGB_2025.png","width":484,"height":225,"caption":"M.A.i \u2013 innovative automation"},"image":{"@id":"https:\/\/www.m-a-i.de\/es\/#\/schema\/logo\/image\/"},"sameAs":["https:\/\/www.facebook.com\/M.A.i.Kronach","https:\/\/www.instagram.com\/mai_kronach","https:\/\/www.youtube.com\/@MaiDeKronach","https:\/\/www.linkedin.com\/company\/m.a.igmbh&co.kg"]}]}},"jetpack_sharing_enabled":true,"_links":{"self":[{"href":"https:\/\/www.m-a-i.de\/es\/wp-json\/wp\/v2\/pages\/14240","targetHints":{"allow":["GET"]}}],"collection":[{"href":"https:\/\/www.m-a-i.de\/es\/wp-json\/wp\/v2\/pages"}],"about":[{"href":"https:\/\/www.m-a-i.de\/es\/wp-json\/wp\/v2\/types\/page"}],"author":[{"embeddable":true,"href":"https:\/\/www.m-a-i.de\/es\/wp-json\/wp\/v2\/users\/2"}],"replies":[{"embeddable":true,"href":"https:\/\/www.m-a-i.de\/es\/wp-json\/wp\/v2\/comments?post=14240"}],"version-history":[{"count":2,"href":"https:\/\/www.m-a-i.de\/es\/wp-json\/wp\/v2\/pages\/14240\/revisions"}],"predecessor-version":[{"id":14242,"href":"https:\/\/www.m-a-i.de\/es\/wp-json\/wp\/v2\/pages\/14240\/revisions\/14242"}],"wp:attachment":[{"href":"https:\/\/www.m-a-i.de\/es\/wp-json\/wp\/v2\/media?parent=14240"}],"curies":[{"name":"wp","href":"https:\/\/api.w.org\/{rel}","templated":true}]}}