{"id":5651,"date":"2025-01-21T22:32:08","date_gmt":"2025-01-21T22:32:08","guid":{"rendered":"https:\/\/m-a-i.cloudserver.ccsolutions.one\/index.php\/nueva-energia\/"},"modified":"2026-02-24T22:00:06","modified_gmt":"2026-02-24T22:00:06","slug":"nuevas-energia","status":"publish","type":"page","link":"https:\/\/www.m-a-i.de\/es\/nuevas-energia\/","title":{"rendered":"Nueva energ\u00eda"},"content":{"rendered":"<p><div class=\"fusion-fullwidth fullwidth-box fusion-builder-row-1 fusion-flex-container has-pattern-background has-mask-background fusion-parallax-none nonhundred-percent-fullwidth non-hundred-percent-height-scrolling lazyload\" style=\"--awb-border-radius-top-left:0px;--awb-border-radius-top-right:0px;--awb-border-radius-bottom-right:0px;--awb-border-radius-bottom-left:0px;--awb-background-color:var(--awb-color8);--awb-background-size:cover;--awb-flex-wrap:wrap;\" data-bg=\"https:\/\/www.m-a-i.de\/wp-content\/uploads\/2025\/01\/shutterstock_2359911531-scaled.jpg\" ><div class=\"fusion-builder-row fusion-row fusion-flex-align-items-flex-start fusion-flex-justify-content-center fusion-flex-content-wrap\" style=\"max-width:1664px;margin-left: calc(-4% \/ 2 );margin-right: calc(-4% \/ 2 );\"><div class=\"fusion-layout-column fusion_builder_column fusion-builder-column-0 fusion_builder_column_1_1 1_1 fusion-flex-column\" style=\"--awb-padding-top:100px;--awb-padding-bottom:120px;--awb-bg-size:cover;--awb-width-large:100%;--awb-margin-top-large:16px;--awb-spacing-right-large:1.92%;--awb-margin-bottom-large:0px;--awb-spacing-left-large:1.92%;--awb-width-medium:100%;--awb-order-medium:0;--awb-spacing-right-medium:1.92%;--awb-spacing-left-medium:1.92%;--awb-width-small:100%;--awb-order-small:0;--awb-spacing-right-small:1.92%;--awb-spacing-left-small:1.92%;\"><div class=\"fusion-column-wrapper fusion-column-has-shadow fusion-flex-justify-content-flex-start fusion-content-layout-column\"><div class=\"fusion-title title fusion-title-1 fusion-sep-none fusion-title-center fusion-title-text fusion-title-size-one\" style=\"--awb-text-color:var(--awb-color1);--awb-margin-top:0px;--awb-margin-top-small:10px;--awb-margin-right-small:0px;--awb-margin-bottom-small:10px;--awb-margin-left-small:0px;\"><h1 class=\"fusion-title-heading title-heading-center fusion-responsive-typography-calculated\" style=\"margin:0;--fontSize:72;line-height:var(--awb-typography1-line-height);\">Energ\u00eda que impulsa<\/h1><\/div><div class=\"fusion-text fusion-text-1 fusion-text-no-margin\" style=\"--awb-content-alignment:center;--awb-font-size:var(--awb-typography2-font-size);--awb-line-height:var(--awb-typography2-line-height);--awb-letter-spacing:var(--awb-typography2-letter-spacing);--awb-text-transform:none;--awb-text-color:#ffffff;--awb-margin-bottom:100px;--awb-text-font-family:var(--awb-typography2-font-family);--awb-text-font-weight:var(--awb-typography2-font-weight);--awb-text-font-style:var(--awb-typography2-font-style);\"><p>Soluciones de fabricaci\u00f3n automatizada para la producci\u00f3n de bater\u00edas<\/p>\n<\/div><div class=\"fusion-builder-row fusion-builder-row-inner fusion-row fusion-flex-align-items-flex-start fusion-flex-justify-content-center fusion-flex-content-wrap\" style=\"--awb-flex-grow:0;--awb-flex-grow-medium:0;--awb-flex-grow-small:0;--awb-flex-shrink:0;--awb-flex-shrink-medium:0;--awb-flex-shrink-small:0;width:104% !important;max-width:104% !important;margin-left: calc(-4% \/ 2 );margin-right: calc(-4% \/ 2 );\"><div class=\"fusion-layout-column fusion_builder_column_inner fusion-builder-nested-column-0 fusion_builder_column_inner_1_4 1_4 fusion-flex-column\" style=\"--awb-padding-left:30px;--awb-bg-color:rgba(0,134,169,0.5);--awb-bg-color-hover:rgba(0,134,169,0.5);--awb-bg-size:cover;--awb-border-color:var(--awb-color5);--awb-border-left:2px;--awb-border-style:solid;--awb-transform:translateY(0px);--awb-transform-hover:translateY(10px);--awb-width-large:25%;--awb-margin-top-large:16px;--awb-spacing-right-large:7.68%;--awb-margin-bottom-large:0px;--awb-spacing-left-large:7.68%;--awb-width-medium:25%;--awb-order-medium:0;--awb-spacing-right-medium:7.68%;--awb-spacing-left-medium:7.68%;--awb-width-small:100%;--awb-order-small:0;--awb-spacing-right-small:1.92%;--awb-spacing-left-small:30px;\" data-scroll-devices=\"small-visibility,medium-visibility,large-visibility\"><div class=\"fusion-column-wrapper fusion-column-has-shadow fusion-flex-justify-content-flex-start fusion-content-layout-column\"><div class=\"fusion-title title fusion-title-2 fusion-sep-none fusion-title-text fusion-title-size-four\" style=\"--awb-text-color:var(--awb-color1);--awb-margin-top:5px;--awb-margin-bottom:0px;--awb-margin-top-small:10px;--awb-margin-right-small:0px;--awb-margin-bottom-small:10px;--awb-margin-left-small:0px;\"><h4 class=\"fusion-title-heading title-heading-left fusion-responsive-typography-calculated\" style=\"margin:0;--fontSize:28;line-height:1.32;\"><p>M\u00e1s potencia<br \/>\ny salida<\/p><\/h4><\/div><div class=\"fusion-text fusion-text-2 fusion-text-no-margin\" style=\"--awb-font-size:var(--awb-typography4-font-size);--awb-line-height:var(--awb-typography4-line-height);--awb-letter-spacing:var(--awb-typography4-letter-spacing);--awb-text-transform:var(--awb-typography4-text-transform);--awb-text-color:hsla(var(--awb-color1-h),var(--awb-color1-s),var(--awb-color1-l),calc(var(--awb-color1-a) - 30%));--awb-margin-bottom:5px;--awb-text-font-family:var(--awb-typography4-font-family);--awb-text-font-weight:var(--awb-typography4-font-weight);--awb-text-font-style:var(--awb-typography4-font-style);\"><p style=\"color: var(--awb-color1);\">Los procesos automatizados acortan la duraci\u00f3n de los ciclos y permiten una producci\u00f3n r\u00e1pida y flexiblemente escalable.<\/p>\n<\/div><\/div><\/div><div class=\"fusion-layout-column fusion_builder_column_inner fusion-builder-nested-column-1 fusion_builder_column_inner_1_4 1_4 fusion-flex-column\" style=\"--awb-padding-left:30px;--awb-bg-color:rgba(0,134,169,0.5);--awb-bg-color-hover:rgba(0,134,169,0.5);--awb-bg-size:cover;--awb-border-color:var(--awb-color5);--awb-border-left:2px;--awb-border-style:solid;--awb-transform:translateY(0px);--awb-transform-hover:translateY(10px);--awb-width-large:25%;--awb-margin-top-large:16px;--awb-spacing-right-large:7.68%;--awb-margin-bottom-large:0px;--awb-spacing-left-large:7.68%;--awb-width-medium:25%;--awb-order-medium:0;--awb-spacing-right-medium:7.68%;--awb-spacing-left-medium:7.68%;--awb-width-small:100%;--awb-order-small:0;--awb-spacing-right-small:1.92%;--awb-spacing-left-small:30px;\"><div class=\"fusion-column-wrapper fusion-column-has-shadow fusion-flex-justify-content-flex-start fusion-content-layout-column\"><div class=\"fusion-title title fusion-title-3 fusion-sep-none fusion-title-text fusion-title-size-four\" style=\"--awb-text-color:var(--awb-color1);--awb-margin-top:5px;--awb-margin-bottom:0px;--awb-margin-top-small:10px;--awb-margin-right-small:0px;--awb-margin-bottom-small:10px;--awb-margin-left-small:0px;\"><h4 class=\"fusion-title-heading title-heading-left fusion-responsive-typography-calculated\" style=\"margin:0;--fontSize:28;line-height:1.32;\"><p>Calidad y<br \/>\nTrazabilidad<\/p><\/h4><\/div><div class=\"fusion-text fusion-text-3 fusion-text-no-margin\" style=\"--awb-font-size:var(--awb-typography4-font-size);--awb-line-height:var(--awb-typography4-line-height);--awb-letter-spacing:var(--awb-typography4-letter-spacing);--awb-text-transform:var(--awb-typography4-text-transform);--awb-text-color:hsla(var(--awb-color1-h),var(--awb-color1-s),var(--awb-color1-l),calc(var(--awb-color1-a) - 30%));--awb-margin-bottom:5px;--awb-text-font-family:var(--awb-typography4-font-family);--awb-text-font-weight:var(--awb-typography4-font-weight);--awb-text-font-style:var(--awb-typography4-font-style);\"><p style=\"color: var(--awb-color1);\">La automatizaci\u00f3n garantiza una producci\u00f3n precisa, una documentaci\u00f3n completa y reduce las fuentes de error.<\/p>\n<\/div><\/div><\/div><div class=\"fusion-layout-column fusion_builder_column_inner fusion-builder-nested-column-2 fusion_builder_column_inner_1_4 1_4 fusion-flex-column\" style=\"--awb-padding-left:30px;--awb-bg-color:rgba(0,134,169,0.5);--awb-bg-color-hover:rgba(0,134,169,0.5);--awb-bg-size:cover;--awb-border-color:var(--awb-color5);--awb-border-left:2px;--awb-border-style:solid;--awb-transform:translateY(0px);--awb-transform-hover:translateY(10px);--awb-width-large:25%;--awb-margin-top-large:16px;--awb-spacing-right-large:7.68%;--awb-margin-bottom-large:0px;--awb-spacing-left-large:7.68%;--awb-width-medium:25%;--awb-order-medium:0;--awb-spacing-right-medium:7.68%;--awb-spacing-left-medium:7.68%;--awb-width-small:100%;--awb-order-small:0;--awb-spacing-right-small:1.92%;--awb-spacing-left-small:30px;\"><div class=\"fusion-column-wrapper fusion-column-has-shadow fusion-flex-justify-content-flex-start fusion-content-layout-column\"><div class=\"fusion-title title fusion-title-4 fusion-sep-none fusion-title-text fusion-title-size-four\" style=\"--awb-text-color:var(--awb-color1);--awb-margin-top:5px;--awb-margin-bottom:0px;--awb-margin-top-small:10px;--awb-margin-right-small:0px;--awb-margin-bottom-small:10px;--awb-margin-left-small:0px;\"><h4 class=\"fusion-title-heading title-heading-left fusion-responsive-typography-calculated\" style=\"margin:0;--fontSize:28;line-height:1.32;\"><p>Econ\u00f3mico<br \/>\ny sostenible<\/p><\/h4><\/div><div class=\"fusion-text fusion-text-4 fusion-text-no-margin\" style=\"--awb-font-size:var(--awb-typography4-font-size);--awb-line-height:var(--awb-typography4-line-height);--awb-letter-spacing:var(--awb-typography4-letter-spacing);--awb-text-transform:var(--awb-typography4-text-transform);--awb-text-color:hsla(var(--awb-color1-h),var(--awb-color1-s),var(--awb-color1-l),calc(var(--awb-color1-a) - 30%));--awb-margin-bottom:5px;--awb-text-font-family:var(--awb-typography4-font-family);--awb-text-font-weight:var(--awb-typography4-font-weight);--awb-text-font-style:var(--awb-typography4-font-style);\"><p style=\"color: var(--awb-color1);\">Los procesos optimizados y el menor n\u00famero de rechazos conducen a unos costes de producci\u00f3n permanentemente m\u00e1s bajos y reducidos a largo plazo.<\/p>\n<\/div><\/div><\/div><\/div><\/div><\/div><\/div><\/div><div class=\"fusion-fullwidth fullwidth-box fusion-builder-row-2 fusion-flex-container nonhundred-percent-fullwidth non-hundred-percent-height-scrolling\" style=\"--link_color: var(--awb-color8);--awb-border-radius-top-left:0px;--awb-border-radius-top-right:0px;--awb-border-radius-bottom-right:0px;--awb-border-radius-bottom-left:0px;--awb-padding-top:75px;--awb-padding-bottom:75px;--awb-padding-top-medium:45px;--awb-padding-bottom-medium:45px;--awb-flex-wrap:wrap;\" ><div class=\"fusion-builder-row fusion-row fusion-flex-align-items-center fusion-flex-content-wrap\" style=\"max-width:1664px;margin-left: calc(-4% \/ 2 );margin-right: calc(-4% \/ 2 );\"><div class=\"fusion-layout-column fusion_builder_column fusion-builder-column-1 fusion-flex-column fusion-animated\" style=\"--awb-padding-right:25px;--awb-padding-left-medium:40px;--awb-bg-size:cover;--awb-width-large:50%;--awb-margin-top-large:16px;--awb-spacing-right-large:3.84%;--awb-margin-bottom-large:0px;--awb-spacing-left-large:3.84%;--awb-width-medium:50%;--awb-order-medium:0;--awb-spacing-right-medium:3.84%;--awb-spacing-left-medium:3.84%;--awb-width-small:100%;--awb-order-small:1;--awb-spacing-right-small:1.92%;--awb-margin-bottom-small:60px;--awb-spacing-left-small:1.92%;\" data-animationType=\"fadeInLeft\" data-animationDuration=\"1.3\" data-animationOffset=\"top-into-view\"><div class=\"fusion-column-wrapper fusion-column-has-shadow fusion-flex-justify-content-flex-start fusion-content-layout-column\"><div class=\"fusion-title title fusion-title-5 fusion-no-small-visibility fusion-no-medium-visibility fusion-sep-none fusion-title-text fusion-title-size-two\" style=\"--awb-text-color:var(--awb-color8);--awb-margin-bottom:28px;--awb-margin-top-small:10px;--awb-margin-right-small:0px;--awb-margin-bottom-small:10px;--awb-margin-left-small:0px;\"><h2 class=\"fusion-title-heading title-heading-left fusion-responsive-typography-calculated\" style=\"margin:0;--fontSize:60;line-height:1.12;\">Conceptos hol\u00edsticos de fabricaci\u00f3n para la producci\u00f3n de pilas<\/h2><\/div><div class=\"fusion-text fusion-text-5 fusion-text-no-margin\" style=\"--awb-font-size:var(--awb-typography4-font-size);--awb-line-height:var(--awb-typography4-line-height);--awb-letter-spacing:var(--awb-typography4-letter-spacing);--awb-text-transform:var(--awb-typography4-text-transform);--awb-text-color:var(--awb-color8);--awb-margin-bottom:30px;--awb-text-font-family:var(--awb-typography4-font-family);--awb-text-font-weight:var(--awb-typography4-font-weight);--awb-text-font-style:var(--awb-typography4-font-style);\"><p>Te ayudamos a lo largo de toda la cadena de valor, desde la preparaci\u00f3n de las c\u00e9lulas hasta la producci\u00f3n de bater\u00edas listas para usar en una amplia gama de aplicaciones. Nuestros servicios incluyen<\/p>\n<ul>\n<li>Montaje de bater\u00edas completas<\/li>\n<li>Integraci\u00f3n de m\u00f3dulos<\/li>\n<li>Reempaquetado de c\u00e9lulas individuales<\/li>\n<\/ul>\n<p>Con nuestra amplia experiencia, coordinamos de forma \u00f3ptima cada paso de la producci\u00f3n. Esto significa que te beneficias de procesos fluidos, alta calidad del producto y m\u00e1xima fiabilidad en la producci\u00f3n de tus bater\u00edas. La automatizaci\u00f3n moderna y el control inteligente de los procesos permiten una producci\u00f3n flexible, econ\u00f3mica y segura, adaptada a tus necesidades y a los retos de un mercado din\u00e1mico.<\/p>\n<\/div><\/div><\/div><div class=\"fusion-layout-column fusion_builder_column fusion-builder-column-2 fusion_builder_column_1_2 1_2 fusion-flex-column fusion-animated\" style=\"--awb-padding-right-medium:40px;--awb-padding-right-small:110px;--awb-padding-left-small:0px;--awb-bg-size:cover;--awb-width-large:50%;--awb-margin-top-large:16px;--awb-spacing-right-large:3.84%;--awb-margin-bottom-large:0px;--awb-spacing-left-large:3.84%;--awb-width-medium:50%;--awb-order-medium:0;--awb-spacing-right-medium:3.84%;--awb-spacing-left-medium:3.84%;--awb-width-small:100%;--awb-order-small:1;--awb-spacing-right-small:1.92%;--awb-margin-bottom-small:50px;--awb-spacing-left-small:1.92%;\" data-animationType=\"fadeIn\" data-animationDuration=\"1.3\" data-animationOffset=\"top-into-view\"><div class=\"fusion-column-wrapper fusion-column-has-shadow fusion-flex-justify-content-flex-start fusion-content-layout-column\"><div class=\"fusion-image-element \" style=\"--awb-caption-title-font-family:var(--h2_typography-font-family);--awb-caption-title-font-weight:var(--h2_typography-font-weight);--awb-caption-title-font-style:var(--h2_typography-font-style);--awb-caption-title-size:var(--h2_typography-font-size);--awb-caption-title-transform:var(--h2_typography-text-transform);--awb-caption-title-line-height:var(--h2_typography-line-height);--awb-caption-title-letter-spacing:var(--h2_typography-letter-spacing);\"><span class=\" fusion-imageframe imageframe-none imageframe-1 hover-type-none\"><img decoding=\"async\" width=\"1800\" height=\"1305\" alt=\"Automationsanalage f\u00fcr Batterie umverpacken\" title=\"mai-re-pack-line\" src=\"https:\/\/www.m-a-i.de\/wp-content\/uploads\/mai-re-pack-line.png?wsr\" data-orig-src=\"https:\/\/www.m-a-i.de\/wp-content\/uploads\/mai-re-pack-line.png\" class=\"lazyload img-responsive wp-image-9863\" srcset=\"data:image\/svg+xml,%3Csvg%20xmlns%3D%27http%3A%2F%2Fwww.w3.org%2F2000%2Fsvg%27%20width%3D%271800%27%20height%3D%271305%27%20viewBox%3D%270%200%201800%201305%27%3E%3Crect%20width%3D%271800%27%20height%3D%271305%27%20fill-opacity%3D%220%22%2F%3E%3C%2Fsvg%3E\" data-srcset=\"https:\/\/www.m-a-i.de\/wp-content\/uploads\/mai-re-pack-line-200x145.png 200w, https:\/\/www.m-a-i.de\/wp-content\/uploads\/mai-re-pack-line-400x290.png 400w, https:\/\/www.m-a-i.de\/wp-content\/uploads\/mai-re-pack-line-600x435.png 600w, https:\/\/www.m-a-i.de\/wp-content\/uploads\/mai-re-pack-line-800x580.png 800w, https:\/\/www.m-a-i.de\/wp-content\/uploads\/mai-re-pack-line-1200x870.png 1200w, https:\/\/www.m-a-i.de\/wp-content\/uploads\/mai-re-pack-line.png 1800w\" data-sizes=\"auto\" data-orig-sizes=\"(max-width: 640px) 100vw, 800px\" \/><\/span><\/div><\/div><\/div><\/div><\/div><div class=\"fusion-fullwidth fullwidth-box fusion-builder-row-3 fusion-flex-container has-pattern-background has-mask-background nonhundred-percent-fullwidth non-hundred-percent-height-scrolling\" style=\"--awb-border-radius-top-left:0px;--awb-border-radius-top-right:0px;--awb-border-radius-bottom-right:0px;--awb-border-radius-bottom-left:0px;--awb-flex-wrap:wrap;\" ><div class=\"fusion-builder-row fusion-row fusion-flex-align-items-flex-start fusion-flex-content-wrap\" style=\"max-width:1664px;margin-left: calc(-4% \/ 2 );margin-right: calc(-4% \/ 2 );\"><div class=\"fusion-layout-column fusion_builder_column fusion-builder-column-3 fusion_builder_column_1_1 1_1 fusion-flex-column\" style=\"--awb-bg-size:cover;--awb-width-large:100%;--awb-margin-top-large:16px;--awb-spacing-right-large:1.92%;--awb-margin-bottom-large:16px;--awb-spacing-left-large:1.92%;--awb-width-medium:100%;--awb-order-medium:0;--awb-spacing-right-medium:1.92%;--awb-spacing-left-medium:1.92%;--awb-width-small:100%;--awb-order-small:0;--awb-spacing-right-small:1.92%;--awb-spacing-left-small:1.92%;\"><div class=\"fusion-column-wrapper fusion-column-has-shadow fusion-flex-justify-content-flex-start fusion-content-layout-column\"><div class=\"fusion-video fusion-selfhosted-video\" style=\"max-width:100%;\"><div class=\"video-wrapper\"><video playsinline=\"true\" width=\"100%\" style=\"object-fit: cover;\" autoplay=\"true\" muted=\"true\" loop=\"true\" preload=\"auto\" controls=\"1\"><source src=\"https:\/\/www.m-a-i.de\/wp-content\/uploads\/mai-batterieproduktion.mp4\" type=\"video\/mp4\">Lo sentimos, tu navegador no admite v\u00eddeos incrustados.<\/video><\/div><\/div><\/div><\/div><\/div><\/div><\/p>\n","protected":false},"excerpt":{"rendered":"","protected":false},"author":1,"featured_media":0,"parent":0,"menu_order":0,"comment_status":"closed","ping_status":"closed","template":"","meta":{"footnotes":""},"class_list":["post-5651","page","type-page","status-publish","hentry"],"yoast_head":"<!-- This site is optimized with the Yoast SEO Premium plugin v27.4 (Yoast SEO v27.4) - https:\/\/yoast.com\/product\/yoast-seo-premium-wordpress\/ -->\n<title>Nueva energ\u00eda - M.A.i \u2013 innovative automation<\/title>\n<meta name=\"robots\" content=\"index, follow, max-snippet:-1, max-image-preview:large, max-video-preview:-1\" \/>\n<link rel=\"canonical\" href=\"https:\/\/www.m-a-i.de\/es\/nuevas-energia\/\" \/>\n<meta property=\"og:locale\" content=\"en_US\" \/>\n<meta property=\"og:type\" content=\"article\" \/>\n<meta property=\"og:title\" content=\"Nueva energ\u00eda\" \/>\n<meta property=\"og:url\" content=\"https:\/\/www.m-a-i.de\/es\/nuevas-energia\/\" \/>\n<meta property=\"og:site_name\" content=\"M.A.i \u2013 innovative automation\" \/>\n<meta property=\"article:publisher\" content=\"https:\/\/www.facebook.com\/M.A.i.Kronach\" \/>\n<meta property=\"article:modified_time\" content=\"2026-02-24T22:00:06+00:00\" \/>\n<meta name=\"twitter:card\" content=\"summary_large_image\" \/>\n<meta name=\"twitter:label1\" content=\"Est. reading time\" \/>\n\t<meta name=\"twitter:data1\" content=\"2 minutes\" \/>\n<script type=\"application\/ld+json\" class=\"yoast-schema-graph\">{\"@context\":\"https:\\\/\\\/schema.org\",\"@graph\":[{\"@type\":\"WebPage\",\"@id\":\"https:\\\/\\\/www.m-a-i.de\\\/es\\\/nuevas-energia\\\/\",\"url\":\"https:\\\/\\\/www.m-a-i.de\\\/es\\\/nuevas-energia\\\/\",\"name\":\"Nueva energ\u00eda - M.A.i \u2013 innovative automation\",\"isPartOf\":{\"@id\":\"https:\\\/\\\/www.m-a-i.de\\\/es\\\/#website\"},\"datePublished\":\"2025-01-21T22:32:08+00:00\",\"dateModified\":\"2026-02-24T22:00:06+00:00\",\"breadcrumb\":{\"@id\":\"https:\\\/\\\/www.m-a-i.de\\\/es\\\/nuevas-energia\\\/#breadcrumb\"},\"inLanguage\":\"es\",\"potentialAction\":[{\"@type\":\"ReadAction\",\"target\":[\"https:\\\/\\\/www.m-a-i.de\\\/es\\\/nuevas-energia\\\/\"]}]},{\"@type\":\"BreadcrumbList\",\"@id\":\"https:\\\/\\\/www.m-a-i.de\\\/es\\\/nuevas-energia\\\/#breadcrumb\",\"itemListElement\":[{\"@type\":\"ListItem\",\"position\":1,\"name\":\"Startseite\",\"item\":\"https:\\\/\\\/www.m-a-i.de\\\/es\\\/\"},{\"@type\":\"ListItem\",\"position\":2,\"name\":\"Nueva energ\u00eda\"}]},{\"@type\":\"WebSite\",\"@id\":\"https:\\\/\\\/www.m-a-i.de\\\/es\\\/#website\",\"url\":\"https:\\\/\\\/www.m-a-i.de\\\/es\\\/\",\"name\":\"M.A.i \u2013 innovative automation\",\"description\":\"\",\"publisher\":{\"@id\":\"https:\\\/\\\/www.m-a-i.de\\\/es\\\/#organization\"},\"potentialAction\":[{\"@type\":\"SearchAction\",\"target\":{\"@type\":\"EntryPoint\",\"urlTemplate\":\"https:\\\/\\\/www.m-a-i.de\\\/es\\\/?s={search_term_string}\"},\"query-input\":{\"@type\":\"PropertyValueSpecification\",\"valueRequired\":true,\"valueName\":\"search_term_string\"}}],\"inLanguage\":\"es\"},{\"@type\":\"Organization\",\"@id\":\"https:\\\/\\\/www.m-a-i.de\\\/es\\\/#organization\",\"name\":\"M.A.i \u2013 innovative automation\",\"url\":\"https:\\\/\\\/www.m-a-i.de\\\/es\\\/\",\"logo\":{\"@type\":\"ImageObject\",\"inLanguage\":\"es\",\"@id\":\"https:\\\/\\\/www.m-a-i.de\\\/es\\\/#\\\/schema\\\/logo\\\/image\\\/\",\"url\":\"https:\\\/\\\/www.m-a-i.de\\\/wp-content\\\/uploads\\\/2024\\\/12\\\/MAi_Logo_RGB_2025.png\",\"contentUrl\":\"https:\\\/\\\/www.m-a-i.de\\\/wp-content\\\/uploads\\\/2024\\\/12\\\/MAi_Logo_RGB_2025.png\",\"width\":484,\"height\":225,\"caption\":\"M.A.i \u2013 innovative automation\"},\"image\":{\"@id\":\"https:\\\/\\\/www.m-a-i.de\\\/es\\\/#\\\/schema\\\/logo\\\/image\\\/\"},\"sameAs\":[\"https:\\\/\\\/www.facebook.com\\\/M.A.i.Kronach\",\"https:\\\/\\\/www.instagram.com\\\/mai_kronach\",\"https:\\\/\\\/www.youtube.com\\\/@MaiDeKronach\",\"https:\\\/\\\/www.linkedin.com\\\/company\\\/m.a.igmbh&co.kg\"]}]}<\/script>\n<!-- \/ Yoast SEO Premium plugin. -->","yoast_head_json":{"title":"Nueva energ\u00eda - M.A.i \u2013 innovative automation","robots":{"index":"index","follow":"follow","max-snippet":"max-snippet:-1","max-image-preview":"max-image-preview:large","max-video-preview":"max-video-preview:-1"},"canonical":"https:\/\/www.m-a-i.de\/es\/nuevas-energia\/","og_locale":"en_US","og_type":"article","og_title":"Nueva energ\u00eda","og_url":"https:\/\/www.m-a-i.de\/es\/nuevas-energia\/","og_site_name":"M.A.i \u2013 innovative automation","article_publisher":"https:\/\/www.facebook.com\/M.A.i.Kronach","article_modified_time":"2026-02-24T22:00:06+00:00","twitter_card":"summary_large_image","twitter_misc":{"Est. reading time":"2 minutes"},"schema":{"@context":"https:\/\/schema.org","@graph":[{"@type":"WebPage","@id":"https:\/\/www.m-a-i.de\/es\/nuevas-energia\/","url":"https:\/\/www.m-a-i.de\/es\/nuevas-energia\/","name":"Nueva energ\u00eda - M.A.i \u2013 innovative automation","isPartOf":{"@id":"https:\/\/www.m-a-i.de\/es\/#website"},"datePublished":"2025-01-21T22:32:08+00:00","dateModified":"2026-02-24T22:00:06+00:00","breadcrumb":{"@id":"https:\/\/www.m-a-i.de\/es\/nuevas-energia\/#breadcrumb"},"inLanguage":"es","potentialAction":[{"@type":"ReadAction","target":["https:\/\/www.m-a-i.de\/es\/nuevas-energia\/"]}]},{"@type":"BreadcrumbList","@id":"https:\/\/www.m-a-i.de\/es\/nuevas-energia\/#breadcrumb","itemListElement":[{"@type":"ListItem","position":1,"name":"Startseite","item":"https:\/\/www.m-a-i.de\/es\/"},{"@type":"ListItem","position":2,"name":"Nueva energ\u00eda"}]},{"@type":"WebSite","@id":"https:\/\/www.m-a-i.de\/es\/#website","url":"https:\/\/www.m-a-i.de\/es\/","name":"M.A.i \u2013 innovative automation","description":"","publisher":{"@id":"https:\/\/www.m-a-i.de\/es\/#organization"},"potentialAction":[{"@type":"SearchAction","target":{"@type":"EntryPoint","urlTemplate":"https:\/\/www.m-a-i.de\/es\/?s={search_term_string}"},"query-input":{"@type":"PropertyValueSpecification","valueRequired":true,"valueName":"search_term_string"}}],"inLanguage":"es"},{"@type":"Organization","@id":"https:\/\/www.m-a-i.de\/es\/#organization","name":"M.A.i \u2013 innovative automation","url":"https:\/\/www.m-a-i.de\/es\/","logo":{"@type":"ImageObject","inLanguage":"es","@id":"https:\/\/www.m-a-i.de\/es\/#\/schema\/logo\/image\/","url":"https:\/\/www.m-a-i.de\/wp-content\/uploads\/2024\/12\/MAi_Logo_RGB_2025.png","contentUrl":"https:\/\/www.m-a-i.de\/wp-content\/uploads\/2024\/12\/MAi_Logo_RGB_2025.png","width":484,"height":225,"caption":"M.A.i \u2013 innovative automation"},"image":{"@id":"https:\/\/www.m-a-i.de\/es\/#\/schema\/logo\/image\/"},"sameAs":["https:\/\/www.facebook.com\/M.A.i.Kronach","https:\/\/www.instagram.com\/mai_kronach","https:\/\/www.youtube.com\/@MaiDeKronach","https:\/\/www.linkedin.com\/company\/m.a.igmbh&co.kg"]}]}},"jetpack_sharing_enabled":true,"_links":{"self":[{"href":"https:\/\/www.m-a-i.de\/es\/wp-json\/wp\/v2\/pages\/5651","targetHints":{"allow":["GET"]}}],"collection":[{"href":"https:\/\/www.m-a-i.de\/es\/wp-json\/wp\/v2\/pages"}],"about":[{"href":"https:\/\/www.m-a-i.de\/es\/wp-json\/wp\/v2\/types\/page"}],"author":[{"embeddable":true,"href":"https:\/\/www.m-a-i.de\/es\/wp-json\/wp\/v2\/users\/1"}],"replies":[{"embeddable":true,"href":"https:\/\/www.m-a-i.de\/es\/wp-json\/wp\/v2\/comments?post=5651"}],"version-history":[{"count":26,"href":"https:\/\/www.m-a-i.de\/es\/wp-json\/wp\/v2\/pages\/5651\/revisions"}],"predecessor-version":[{"id":15513,"href":"https:\/\/www.m-a-i.de\/es\/wp-json\/wp\/v2\/pages\/5651\/revisions\/15513"}],"wp:attachment":[{"href":"https:\/\/www.m-a-i.de\/es\/wp-json\/wp\/v2\/media?parent=5651"}],"curies":[{"name":"wp","href":"https:\/\/api.w.org\/{rel}","templated":true}]}}